{"id":574,"date":"2017-02-05T17:37:26","date_gmt":"2017-02-05T16:37:26","guid":{"rendered":"http:\/\/associazionecuochipavia.it\/w\/?page_id=574"},"modified":"2025-05-03T15:46:11","modified_gmt":"2025-05-03T13:46:11","slug":"benvenuti","status":"publish","type":"page","link":"http:\/\/associazionecuochipavia.it\/w\/","title":{"rendered":"Benvenuti"},"content":{"rendered":"\n<h1 class=\"wp-block-heading has-text-align-center\" style=\"line-height:1\">&#8220;Associazione Cuochi della provincia di Pavia&#8221;<\/h1>\n\n\n\n<p>Benvenuto nel nostro sito istituzionale, l\u2019intento \u00e8 di essere un punto di riferimento e di unione tra tutti gli associati.<\/p>\n\n\n\n<p style=\"line-height:0\">La pagina del <a title=\"TESSERAMENTO\" href=\"http:\/\/associazionecuochipavia.it\/w\/tesseramento\/\">TESSERAMENTO<\/a> \u00e8 sempre disponibile cliccando <a title=\"TESSERAMENTO\" href=\"http:\/\/associazionecuochipavia.it\/w\/tesseramento\/\">qu\u00ec<\/a>.<\/p>\n\n\n\n<h2 class=\"wp-block-heading has-vivid-red-color has-text-color\" style=\"line-height:0\"><strong>Oggi in evidenza:<\/strong><\/h2>\n\n\n\n<h1 class=\"wp-block-heading has-vivid-cyan-blue-color has-text-color has-link-color has-large-font-size wp-elements-97f65da31744f2ae9490a7456340e309\" style=\"line-height:1\">Giubileo dei cuochi 2025<\/h1>\n\n\n\n<p class=\"has-medium-font-size\">Si \u00e8 svolto presso il santuario della &#8220;Madonna della Bozzola&#8221; di Garlasco <br>il <strong>&#8220;Giubileo dei Cuochi&#8221;<\/strong> Organizzato dalla nostra Associazione <br>In occasione dell&#8217;anno Giubilare.<br>Occasione anche per consegnare i premi alla Carriera<br>La premiazione con il Collare della &#8220;Societas Cocorum Pavia&#8221; in memoria delgrande cuoco pavese <strong>&#8220;Aldo sacchi&#8221;<\/strong><\/p>\n\n\n\n<figure class=\"wp-block-image size-full\"><img decoding=\"async\" width=\"1000\" height=\"1000\" src=\"http:\/\/associazionecuochipavia.it\/w\/wp-content\/uploads\/2025\/04\/20250410_2302101.jpg\" alt=\"\" class=\"wp-image-1602\" srcset=\"http:\/\/associazionecuochipavia.it\/w\/wp-content\/uploads\/2025\/04\/20250410_2302101.jpg 1000w, http:\/\/associazionecuochipavia.it\/w\/wp-content\/uploads\/2025\/04\/20250410_2302101-300x300.jpg 300w, http:\/\/associazionecuochipavia.it\/w\/wp-content\/uploads\/2025\/04\/20250410_2302101-150x150.jpg 150w, http:\/\/associazionecuochipavia.it\/w\/wp-content\/uploads\/2025\/04\/20250410_2302101-768x768.jpg 768w, http:\/\/associazionecuochipavia.it\/w\/wp-content\/uploads\/2025\/04\/20250410_2302101-100x100.jpg 100w\" sizes=\"(max-width: 767px) 89vw, (max-width: 1000px) 54vw, (max-width: 1071px) 543px, 580px\" \/><\/figure>\n\n\n\n<figure class=\"wp-block-image size-full\"><img decoding=\"async\" width=\"1000\" height=\"811\" src=\"http:\/\/associazionecuochipavia.it\/w\/wp-content\/uploads\/2025\/04\/70906-1.jpg\" alt=\"\" class=\"wp-image-1600\" srcset=\"http:\/\/associazionecuochipavia.it\/w\/wp-content\/uploads\/2025\/04\/70906-1.jpg 1000w, http:\/\/associazionecuochipavia.it\/w\/wp-content\/uploads\/2025\/04\/70906-1-300x243.jpg 300w, http:\/\/associazionecuochipavia.it\/w\/wp-content\/uploads\/2025\/04\/70906-1-768x623.jpg 768w\" sizes=\"(max-width: 767px) 89vw, (max-width: 1000px) 54vw, (max-width: 1071px) 543px, 580px\" \/><\/figure>\n\n\n\n<h2 class=\"wp-block-heading has-large-font-size\">Santuario Madonna della Bozzola<\/h2>\n\n\n\n<figure class=\"wp-block-image size-full\"><img decoding=\"async\" width=\"1000\" height=\"1000\" src=\"http:\/\/associazionecuochipavia.it\/w\/wp-content\/uploads\/2025\/05\/20.jpg\" alt=\"\" class=\"wp-image-1640\" srcset=\"http:\/\/associazionecuochipavia.it\/w\/wp-content\/uploads\/2025\/05\/20.jpg 1000w, http:\/\/associazionecuochipavia.it\/w\/wp-content\/uploads\/2025\/05\/20-300x300.jpg 300w, http:\/\/associazionecuochipavia.it\/w\/wp-content\/uploads\/2025\/05\/20-150x150.jpg 150w, http:\/\/associazionecuochipavia.it\/w\/wp-content\/uploads\/2025\/05\/20-768x768.jpg 768w, http:\/\/associazionecuochipavia.it\/w\/wp-content\/uploads\/2025\/05\/20-100x100.jpg 100w\" sizes=\"(max-width: 767px) 89vw, (max-width: 1000px) 54vw, (max-width: 1071px) 543px, 580px\" \/><\/figure>\n\n\n\n<figure class=\"wp-block-image size-full\"><img decoding=\"async\" width=\"1000\" height=\"1000\" src=\"http:\/\/associazionecuochipavia.it\/w\/wp-content\/uploads\/2025\/05\/20250430_151219.jpg\" alt=\"\" class=\"wp-image-1642\" srcset=\"http:\/\/associazionecuochipavia.it\/w\/wp-content\/uploads\/2025\/05\/20250430_151219.jpg 1000w, http:\/\/associazionecuochipavia.it\/w\/wp-content\/uploads\/2025\/05\/20250430_151219-300x300.jpg 300w, http:\/\/associazionecuochipavia.it\/w\/wp-content\/uploads\/2025\/05\/20250430_151219-150x150.jpg 150w, http:\/\/associazionecuochipavia.it\/w\/wp-content\/uploads\/2025\/05\/20250430_151219-768x768.jpg 768w, http:\/\/associazionecuochipavia.it\/w\/wp-content\/uploads\/2025\/05\/20250430_151219-100x100.jpg 100w\" sizes=\"(max-width: 767px) 89vw, (max-width: 1000px) 54vw, (max-width: 1071px) 543px, 580px\" \/><\/figure>\n\n\n\n<figure class=\"wp-block-image size-full\"><img decoding=\"async\" width=\"1000\" height=\"1000\" src=\"http:\/\/associazionecuochipavia.it\/w\/wp-content\/uploads\/2025\/05\/20250430_152106.jpg\" alt=\"\" class=\"wp-image-1643\" srcset=\"http:\/\/associazionecuochipavia.it\/w\/wp-content\/uploads\/2025\/05\/20250430_152106.jpg 1000w, http:\/\/associazionecuochipavia.it\/w\/wp-content\/uploads\/2025\/05\/20250430_152106-300x300.jpg 300w, http:\/\/associazionecuochipavia.it\/w\/wp-content\/uploads\/2025\/05\/20250430_152106-150x150.jpg 150w, http:\/\/associazionecuochipavia.it\/w\/wp-content\/uploads\/2025\/05\/20250430_152106-768x768.jpg 768w, http:\/\/associazionecuochipavia.it\/w\/wp-content\/uploads\/2025\/05\/20250430_152106-100x100.jpg 100w\" sizes=\"(max-width: 767px) 89vw, (max-width: 1000px) 54vw, (max-width: 1071px) 543px, 580px\" \/><\/figure>\n\n\n\n<figure class=\"wp-block-image size-full\"><img decoding=\"async\" width=\"1000\" height=\"1000\" src=\"http:\/\/associazionecuochipavia.it\/w\/wp-content\/uploads\/2025\/05\/20250430_151734.jpg\" alt=\"\" class=\"wp-image-1644\" srcset=\"http:\/\/associazionecuochipavia.it\/w\/wp-content\/uploads\/2025\/05\/20250430_151734.jpg 1000w, http:\/\/associazionecuochipavia.it\/w\/wp-content\/uploads\/2025\/05\/20250430_151734-300x300.jpg 300w, http:\/\/associazionecuochipavia.it\/w\/wp-content\/uploads\/2025\/05\/20250430_151734-150x150.jpg 150w, http:\/\/associazionecuochipavia.it\/w\/wp-content\/uploads\/2025\/05\/20250430_151734-768x768.jpg 768w, http:\/\/associazionecuochipavia.it\/w\/wp-content\/uploads\/2025\/05\/20250430_151734-100x100.jpg 100w\" sizes=\"(max-width: 767px) 89vw, (max-width: 1000px) 54vw, (max-width: 1071px) 543px, 580px\" \/><\/figure>\n","protected":false},"excerpt":{"rendered":"<p>&#8220;Associazione Cuochi della provincia di Pavia&#8221; Benvenuto nel nostro sito istituzionale, l\u2019intento \u00e8 di essere un punto di riferimento e di unione tra tutti gli associati. La pagina del TESSERAMENTO \u00e8 sempre disponibile cliccando qu\u00ec. Oggi in evidenza: Giubileo dei cuochi 2025 Si \u00e8 svolto presso il santuario della &#8220;Madonna della Bozzola&#8221; di Garlasco il &hellip; <\/p>\n<p class=\"link-more\"><a href=\"http:\/\/associazionecuochipavia.it\/w\/\" class=\"more-link\">Leggi tutto<span class=\"screen-reader-text\"> &#8220;Benvenuti&#8221;<\/span><\/a><\/p>\n","protected":false},"author":3,"featured_media":0,"parent":0,"menu_order":0,"comment_status":"closed","ping_status":"closed","template":"","meta":{"footnotes":""},"_links":{"self":[{"href":"http:\/\/associazionecuochipavia.it\/w\/wp-json\/wp\/v2\/pages\/574"}],"collection":[{"href":"http:\/\/associazionecuochipavia.it\/w\/wp-json\/wp\/v2\/pages"}],"about":[{"href":"http:\/\/associazionecuochipavia.it\/w\/wp-json\/wp\/v2\/types\/page"}],"author":[{"embeddable":true,"href":"http:\/\/associazionecuochipavia.it\/w\/wp-json\/wp\/v2\/users\/3"}],"replies":[{"embeddable":true,"href":"http:\/\/associazionecuochipavia.it\/w\/wp-json\/wp\/v2\/comments?post=574"}],"version-history":[{"count":25,"href":"http:\/\/associazionecuochipavia.it\/w\/wp-json\/wp\/v2\/pages\/574\/revisions"}],"predecessor-version":[{"id":1645,"href":"http:\/\/associazionecuochipavia.it\/w\/wp-json\/wp\/v2\/pages\/574\/revisions\/1645"}],"wp:attachment":[{"href":"http:\/\/associazionecuochipavia.it\/w\/wp-json\/wp\/v2\/media?parent=574"}],"curies":[{"name":"wp","href":"https:\/\/api.w.org\/{rel}","templated":true}]}}